{"id":663,"date":"2021-06-16T07:36:54","date_gmt":"2021-06-16T07:36:54","guid":{"rendered":"https:\/\/www.semiotictransfer.ch\/impressum\/"},"modified":"2025-04-30T13:14:36","modified_gmt":"2025-04-30T11:14:36","slug":"cgc","status":"publish","type":"page","link":"https:\/\/www.semiotictransfer.ch\/es\/cgc\/","title":{"rendered":"CGC"},"content":{"rendered":"\n<h4 class=\"wp-block-heading\" id=\"h-cgc-para-clientes\">CGC para clientes<\/h4>\n\n\n\n<p>1. Generalidades<\/p>\n\n\n\n<p>SemioticTransfer AG se nombrar\u00e1, en adelante, como SemioticTransfer.<\/p>\n\n\n\n<p><br>2. \u00c1mbito de validez<\/p>\n\n\n\n<p>Estas condiciones generales de contrataci\u00f3n rigen para todos los servicios prestados por SemioticTransfer&nbsp;(especialmente traducciones, textos mercadot\u00e9cnicos en lengua extranjera, documentaciones t\u00e9cnicas, traducciones certificadas, correcciones, textos para p\u00e1ginas web y gesti\u00f3n de traducciones).<\/p>\n\n\n\n<p><br>3. Adjudicaci\u00f3n de pedidos<\/p>\n\n\n\n<p>Con la adjudicaci\u00f3n del pedido, el cliente se declara conforme con las presentes condiciones generales de contrataci\u00f3n. Si entre el cliente y SemioticTransfer no se acuerda de otra forma, el pedido se considera adjudicado en el momento en que SemioticTransfer recibe el texto escrito (correo postal, correo electr\u00f3nico, fax).<\/p>\n\n\n\n<p><br>4. Intervenci\u00f3n de terceros<\/p>\n\n\n\n<p>Para ejecutar el contrato, SemioticTransfer est\u00e1 autorizado a recurrir a terceros o a delegar en terceros el cumplimiento del mismo.<\/p>\n\n\n\n<p><br>5. Rescisi\u00f3n del contrato<\/p>\n\n\n\n<p>El cliente puede rescindir en todo momento el contrato abonando el trabajo ya realizado e indemnizando a SemioticTransfer si el encargo todav\u00eda no est\u00e1 finalizado.<\/p>\n\n\n\n<p><br>6. Ofertas, condiciones de pago y compensaci\u00f3n&nbsp;&nbsp;<\/p>\n\n\n\n<p>Las ofertas verbales no son vinculantes y para tener validez deben ser confirmadas por escrito por SemioticTransfer. Las ofertas de precios de SemioticTransfer (siempre sin IVA) son vinculantes durante 30 d\u00edas.&nbsp;&nbsp;&nbsp;<\/p>\n\n\n\n<p>Todas las facturas son pagaderas sin descuento en un plazo de 30 d\u00edas desde su presentaci\u00f3n. Los particulares deben abonar por adelantado las traducciones certificadas ante notario. Una vez transcurrido este plazo de pago, el cliente entra en mora sin que SemioticTransfer tenga que realizar un requerimiento de pago. En este caso, SemioticTransfer tendr\u00e1 derecho de exigir un inter\u00e9s por mora, cuya tasa se corresponder\u00e1 con la tasa que cobran los grandes bancos del centro financiero de Baden por cr\u00e9ditos en la cuenta corriente, con un m\u00ednimo del 5&nbsp;%. Sin el debido consentimiento por escrito por parte de SemioticTransfer, el cliente no tiene derecho de compensar eventuales contrarreclamaciones.<\/p>\n\n\n\n<p><br>7. Aceptaci\u00f3n y obligaci\u00f3n de reclamar los defectos&nbsp;&nbsp;<\/p>\n\n\n\n<p>El resultado de los trabajos de SemioticTransfer se considerar\u00e1 aceptado si el cliente no informa por escrito y de forma justificada sobre cualquier defecto detectado en un plazo de 10 d\u00edas desde la entrega. En su reclamaci\u00f3n, el cliente debe indicar con precisi\u00f3n en qu\u00e9 punto y en qu\u00e9 medida considera deficiente el resultado del trabajo de SemioticTransfer.<\/p>\n\n\n\n<p><br>8. Reclamaciones y garant\u00eda&nbsp;&nbsp;&nbsp;<\/p>\n\n\n\n<p>La garant\u00eda se limita a la correcci\u00f3n. Se excluyen de manera expresa otros derechos de garant\u00eda. El plazo de garant\u00eda (dentro del cual SemioticTransfer debe realizar la correcci\u00f3n) es de 60 d\u00edas. La garant\u00eda no incluye la correcta reproducci\u00f3n de nombres, cifras y direcciones o t\u00e9rminos t\u00e9cnicos no traducibles.<\/p>\n\n\n\n<p><br>9. Responsabilidad&nbsp;&nbsp;<\/p>\n\n\n\n<p>SemioticTransfer solo responde de la p\u00e9rdida de datos y documentos en caso de intencionalidad o negligencia grave. SemioticTransfer no responde de da\u00f1os causados por terceros a los que se recurre para ejecutar el contrato. SemioticTransfer no responde por negligencia leve. Queda excluida la responsabilidad del personal auxiliar y, en caso de intervenci\u00f3n de terceros, SemioticTransfer solo es responsable de seleccionar cuidadosamente y de especificar debidamente las instrucciones del pedido.&nbsp;&nbsp;&nbsp;<\/p>\n\n\n\n<p>En caso de fuerza mayor u otros imprevistos no achacables a SemioticTransfer, as\u00ed como influencias e impedimentos que se escapan al control de SemioticTransfer, SemioticTransfer no se hace responsable del incumplimiento de los servicios ni de las demoras en la prestaci\u00f3n de los servicios.<\/p>\n\n\n\n<p><br>10. Cumplimiento, env\u00edo y transmisi\u00f3n del riesgo&nbsp;&nbsp;<\/p>\n\n\n\n<p>El env\u00edo se realiza mediante transmisi\u00f3n de datos (correo electr\u00f3nico, transmisi\u00f3n ftp) o por correo postal. Otros servicios de transporte privados o servicios de mensajer\u00eda son equiparables al correo postal. Con la entrega en correos, a una empresa de transportes equiparable o con el env\u00edo por correo electr\u00f3nico o transmisi\u00f3n ftp, el contrato queda cumplido por parte de SemioticTransfer y el riesgo se trasmite al cliente.<\/p>\n\n\n\n<p><br>11. Plazos y fechas de entrega<\/p>\n\n\n\n<p>Los plazos y fechas de entrega exigen, para ser vinculantes, la confirmaci\u00f3n expresa por escrito de SemioticTransfer.<\/p>\n\n\n\n<p><br>12. Confidencialidad<\/p>\n\n\n\n<p>Los datos y la informaci\u00f3n que el cliente proporciona a SemioticTransfer ser\u00e1n tratados con la m\u00e1xima confidencialidad. SemioticTransfer obliga a mantener la confidencialidad a sus empleados o a las terceras partes a las que se recurre para ejecutar el contrato.<\/p>\n\n\n\n<p><br>13. Derecho de uso<\/p>\n\n\n\n<p>Los derechos de uso quedan reservados a SemioticTransfer hasta el pago \u00edntegro de los importes indicados en la factura.<\/p>\n\n\n\n<p><br>14. Lugar de cumplimiento, jurisdicci\u00f3n competente y legislaci\u00f3n aplicable&nbsp;&nbsp;<\/p>\n\n\n\n<p>El lugar de cumplimiento para el pago as\u00ed como la \u00fanica jurisdicci\u00f3n competente es el mismo en el que se encuentra el domicilio social de SemioticTransfer.&nbsp; Todos los servicios de SemioticTransfer, as\u00ed como estas condiciones generales de contrataci\u00f3n, est\u00e1n sujetos al derecho sustantivo de Suiza.<\/p>\n\n\n\n<p><br>15. Disposiciones finales&nbsp;&nbsp;<\/p>\n\n\n\n<p>Cualquier modificaci\u00f3n o a\u00f1adido de estas condiciones generales de contrataci\u00f3n, as\u00ed como esta propia salvedad de forma, exigen para ser v\u00e1lidos la forma escrita, para lo cual es suficiente con que SemioticTransfer lo comunique por correo electr\u00f3nico. Para que los acuerdos verbales tengan validez deben ser confirmados por escrito por SemioticTransfer.&nbsp;&nbsp;&nbsp;<\/p>\n\n\n\n<p>Si una o varias de las presentes disposiciones de estas condiciones generales de contrataci\u00f3n resultan ineficaces, las disposiciones restantes no se ver\u00e1n afectadas por ello. La disposici\u00f3n no eficaz se sustituir\u00e1 por aquella disposici\u00f3n que mejor refleje la finalidad econ\u00f3mica y otros fines que las partes persegu\u00edan con la disposici\u00f3n no eficaz.<\/p>\n\n\n\n<hr class=\"wp-block-separator has-css-opacity\"\/>\n\n\n\n<h4 class=\"wp-block-heading\" id=\"h-gtcb-for-external-partners\"><a href=\"https:\/\/www.semiotictransfer.ch\/wp-content\/uploads\/2025\/04\/XPM-015-SwissGlobalFamily-XP-GTCB-Web_EN-V-01.pdf\">GTCB for External Partners<\/a><\/h4>\n","protected":false},"excerpt":{"rendered":"<p>CGC para clientes 1. Generalidades SemioticTransfer AG se nombrar\u00e1, en adelante, como SemioticTransfer. 2. \u00c1mbito de validez Estas condiciones generales de contrataci\u00f3n rigen para todos los servicios prestados por SemioticTransfer&nbsp;(especialmente traducciones, textos mercadot\u00e9cnicos en lengua extranjera, documentaciones t\u00e9cnicas, traducciones certificadas, correcciones, textos para p\u00e1ginas web y gesti\u00f3n de traducciones). 3. Adjudicaci\u00f3n de pedidos Con la [&hellip;]<\/p>\n","protected":false},"author":1,"featured_media":0,"parent":0,"menu_order":0,"comment_status":"closed","ping_status":"closed","template":"","meta":{"_acf_changed":false,"inline_featured_image":false,"footnotes":""},"class_list":["post-663","page","type-page","status-publish","hentry"],"acf":[],"yoast_head":"<!-- This site is optimized with the Yoast SEO plugin v27.5 - https:\/\/yoast.com\/product\/yoast-seo-wordpress\/ -->\n<title>T\u00e9rminos y condiciones generales \u2500 SemioticTransfer<\/title>\n<meta name=\"description\" content=\"Lea nuestros t\u00e9rminos y condiciones generales.\" \/>\n<meta name=\"robots\" content=\"index, follow, max-snippet:-1, max-image-preview:large, max-video-preview:-1\" \/>\n<link rel=\"canonical\" href=\"https:\/\/www.semiotictransfer.ch\/es\/cgc\/\" \/>\n<meta property=\"og:locale\" content=\"es_ES\" \/>\n<meta property=\"og:type\" content=\"article\" \/>\n<meta property=\"og:title\" content=\"T\u00e9rminos y condiciones generales \u2500 SemioticTransfer\" \/>\n<meta property=\"og:description\" content=\"Lea nuestros t\u00e9rminos y condiciones generales.\" \/>\n<meta property=\"og:url\" content=\"https:\/\/www.semiotictransfer.ch\/es\/cgc\/\" \/>\n<meta property=\"og:site_name\" content=\"Semiotic Transfer\" \/>\n<meta property=\"article:modified_time\" content=\"2025-04-30T11:14:36+00:00\" \/>\n<meta name=\"twitter:card\" content=\"summary_large_image\" \/>\n<meta name=\"twitter:label1\" content=\"Tiempo de lectura\" \/>\n\t<meta name=\"twitter:data1\" content=\"4 minutos\" \/>\n<script type=\"application\/ld+json\" class=\"yoast-schema-graph\">{\"@context\":\"https:\\\/\\\/schema.org\",\"@graph\":[{\"@type\":\"WebPage\",\"@id\":\"https:\\\/\\\/www.semiotictransfer.ch\\\/es\\\/cgc\\\/\",\"url\":\"https:\\\/\\\/www.semiotictransfer.ch\\\/es\\\/cgc\\\/\",\"name\":\"T\u00e9rminos y condiciones generales \u2500 SemioticTransfer\",\"isPartOf\":{\"@id\":\"https:\\\/\\\/www.semiotictransfer.ch\\\/#website\"},\"datePublished\":\"2021-06-16T07:36:54+00:00\",\"dateModified\":\"2025-04-30T11:14:36+00:00\",\"description\":\"Lea nuestros t\u00e9rminos y condiciones generales.\",\"breadcrumb\":{\"@id\":\"https:\\\/\\\/www.semiotictransfer.ch\\\/es\\\/cgc\\\/#breadcrumb\"},\"inLanguage\":\"es\",\"potentialAction\":[{\"@type\":\"ReadAction\",\"target\":[\"https:\\\/\\\/www.semiotictransfer.ch\\\/es\\\/cgc\\\/\"]}]},{\"@type\":\"BreadcrumbList\",\"@id\":\"https:\\\/\\\/www.semiotictransfer.ch\\\/es\\\/cgc\\\/#breadcrumb\",\"itemListElement\":[{\"@type\":\"ListItem\",\"position\":1,\"name\":\"Home\",\"item\":\"https:\\\/\\\/www.semiotictransfer.ch\\\/es\\\/\"},{\"@type\":\"ListItem\",\"position\":2,\"name\":\"CGC\"}]},{\"@type\":\"WebSite\",\"@id\":\"https:\\\/\\\/www.semiotictransfer.ch\\\/#website\",\"url\":\"https:\\\/\\\/www.semiotictransfer.ch\\\/\",\"name\":\"Semiotic Transfer\",\"description\":\"\",\"potentialAction\":[{\"@type\":\"SearchAction\",\"target\":{\"@type\":\"EntryPoint\",\"urlTemplate\":\"https:\\\/\\\/www.semiotictransfer.ch\\\/?s={search_term_string}\"},\"query-input\":{\"@type\":\"PropertyValueSpecification\",\"valueRequired\":true,\"valueName\":\"search_term_string\"}}],\"inLanguage\":\"es\"}]}<\/script>\n<!-- \/ Yoast SEO plugin. -->","yoast_head_json":{"title":"T\u00e9rminos y condiciones generales \u2500 SemioticTransfer","description":"Lea nuestros t\u00e9rminos y condiciones generales.","robots":{"index":"index","follow":"follow","max-snippet":"max-snippet:-1","max-image-preview":"max-image-preview:large","max-video-preview":"max-video-preview:-1"},"canonical":"https:\/\/www.semiotictransfer.ch\/es\/cgc\/","og_locale":"es_ES","og_type":"article","og_title":"T\u00e9rminos y condiciones generales \u2500 SemioticTransfer","og_description":"Lea nuestros t\u00e9rminos y condiciones generales.","og_url":"https:\/\/www.semiotictransfer.ch\/es\/cgc\/","og_site_name":"Semiotic Transfer","article_modified_time":"2025-04-30T11:14:36+00:00","twitter_card":"summary_large_image","twitter_misc":{"Tiempo de lectura":"4 minutos"},"schema":{"@context":"https:\/\/schema.org","@graph":[{"@type":"WebPage","@id":"https:\/\/www.semiotictransfer.ch\/es\/cgc\/","url":"https:\/\/www.semiotictransfer.ch\/es\/cgc\/","name":"T\u00e9rminos y condiciones generales \u2500 SemioticTransfer","isPartOf":{"@id":"https:\/\/www.semiotictransfer.ch\/#website"},"datePublished":"2021-06-16T07:36:54+00:00","dateModified":"2025-04-30T11:14:36+00:00","description":"Lea nuestros t\u00e9rminos y condiciones generales.","breadcrumb":{"@id":"https:\/\/www.semiotictransfer.ch\/es\/cgc\/#breadcrumb"},"inLanguage":"es","potentialAction":[{"@type":"ReadAction","target":["https:\/\/www.semiotictransfer.ch\/es\/cgc\/"]}]},{"@type":"BreadcrumbList","@id":"https:\/\/www.semiotictransfer.ch\/es\/cgc\/#breadcrumb","itemListElement":[{"@type":"ListItem","position":1,"name":"Home","item":"https:\/\/www.semiotictransfer.ch\/es\/"},{"@type":"ListItem","position":2,"name":"CGC"}]},{"@type":"WebSite","@id":"https:\/\/www.semiotictransfer.ch\/#website","url":"https:\/\/www.semiotictransfer.ch\/","name":"Semiotic Transfer","description":"","potentialAction":[{"@type":"SearchAction","target":{"@type":"EntryPoint","urlTemplate":"https:\/\/www.semiotictransfer.ch\/?s={search_term_string}"},"query-input":{"@type":"PropertyValueSpecification","valueRequired":true,"valueName":"search_term_string"}}],"inLanguage":"es"}]}},"_links":{"self":[{"href":"https:\/\/www.semiotictransfer.ch\/es\/wp-json\/wp\/v2\/pages\/663","targetHints":{"allow":["GET"]}}],"collection":[{"href":"https:\/\/www.semiotictransfer.ch\/es\/wp-json\/wp\/v2\/pages"}],"about":[{"href":"https:\/\/www.semiotictransfer.ch\/es\/wp-json\/wp\/v2\/types\/page"}],"author":[{"embeddable":true,"href":"https:\/\/www.semiotictransfer.ch\/es\/wp-json\/wp\/v2\/users\/1"}],"replies":[{"embeddable":true,"href":"https:\/\/www.semiotictransfer.ch\/es\/wp-json\/wp\/v2\/comments?post=663"}],"version-history":[{"count":14,"href":"https:\/\/www.semiotictransfer.ch\/es\/wp-json\/wp\/v2\/pages\/663\/revisions"}],"predecessor-version":[{"id":16412,"href":"https:\/\/www.semiotictransfer.ch\/es\/wp-json\/wp\/v2\/pages\/663\/revisions\/16412"}],"wp:attachment":[{"href":"https:\/\/www.semiotictransfer.ch\/es\/wp-json\/wp\/v2\/media?parent=663"}],"curies":[{"name":"wp","href":"https:\/\/api.w.org\/{rel}","templated":true}]}}