{"id":666,"date":"2021-06-16T07:36:54","date_gmt":"2021-06-16T07:36:54","guid":{"rendered":"https:\/\/www.semiotictransfer.ch\/impressum\/"},"modified":"2025-04-30T13:12:02","modified_gmt":"2025-04-30T11:12:02","slug":"cgv","status":"publish","type":"page","link":"https:\/\/www.semiotictransfer.ch\/fr\/cgv\/","title":{"rendered":"CGV"},"content":{"rendered":"\n<h4 class=\"wp-block-heading\" id=\"h-cgv-pour-les-clients\">CGV pour les clients<\/h4>\n\n\n\n<p>1. G\u00e9n\u00e9ralit\u00e9s<\/p>\n\n\n\n<p>SemioticTransfer AG sera par la suite d\u00e9sign\u00e9 sous le nom de SemioticTransfer.<\/p>\n\n\n\n<p><br>2. Champ d\u2019application<\/p>\n\n\n\n<p>Ces conditions g\u00e9n\u00e9rales de vente s\u2019appliquent \u00e0 tous les services fournis par SemioticTransfer (en particulier les traductions, les textes marketing en langue \u00e9trang\u00e8re, la documentation technique, les traductions certifi\u00e9es conformes, les corrections, la r\u00e9daction web et la gestion des projets de traduction).<\/p>\n\n\n\n<p><br>3. Passation de la commande<\/p>\n\n\n\n<p>En passant commande, le client se d\u00e9clare d\u2019accord avec les conditions g\u00e9n\u00e9rales de vente pr\u00e9sentes. Sauf accord contraire entre le client et SemioticTransfer, la commande est consid\u00e9r\u00e9e comme pass\u00e9e d\u00e8s que SemioticTransfer la re\u00e7oit sous forme \u00e9crite (par voie postale, e-mail ou fax).<\/p>\n\n\n\n<p><br>4. Intervention de tiers<\/p>\n\n\n\n<p>SemioticTransfer se r\u00e9serve le droit de faire appel \u00e0 des tiers pour remplir le contrat, ou de confier l\u2019ex\u00e9cution du contrat \u00e0 des tiers.<\/p>\n\n\n\n<p><br>5. R\u00e9siliation du contrat<\/p>\n\n\n\n<p>Le client peut \u00e0 tout moment, moyennant le paiement du travail d\u00e9j\u00e0 effectu\u00e9 et une indemnisation, r\u00e9silier le contrat aupr\u00e8s de SemioticTransfer tant que la commande n\u2019est pas termin\u00e9e.<\/p>\n\n\n\n<p><br>6. Devis \u2013 Conditions de paiement \u2013 Facturation&nbsp;&nbsp;<\/p>\n\n\n\n<p>Les devis formul\u00e9s \u00e0 l\u2019oral sont sans engagement et n\u00e9cessitent, pour \u00eatre valables, une confirmation \u00e9crite de SemioticTransfer.&nbsp;&nbsp;&nbsp; Les dlevis (toujours formul\u00e9s hors TVA) engagent SemioticTransfer pendant 30 jours.&nbsp;&nbsp;&nbsp;<\/p>\n\n\n\n<p>Toutes les factures doivent \u00eatre pay\u00e9es dans les 10 jours suivant leur \u00e9mission, sans d\u00e9duction. Les traductions notari\u00e9es doivent \u00eatre r\u00e9gl\u00e9es \u00e0 l&rsquo;avance pour les particuliers. Dans ce cas, SemioticTransfer est en droit de demander des int\u00e9r\u00eats moratoires dont le taux correspond \u00e0 celui des cr\u00e9dits en compte courant des grandes banques sur la place financi\u00e8re de Baden, mais s\u2019\u00e9l\u00e8ve \u00e0 au moins 5%. Sans accord \u00e9crit de la part de SemioticTransfer, le client n\u2019est pas autoris\u00e9 \u00e0 proc\u00e9der \u00e0 une compensation avec d\u2019\u00e9ventuelles contre-pr\u00e9tentions.<\/p>\n\n\n\n<p><br>7. R\u00e9ception et obligation de r\u00e9clamation imm\u00e9diate&nbsp;&nbsp;<\/p>\n\n\n\n<p>Le r\u00e9sultat du travail fourni par SemioticTransfer est consid\u00e9r\u00e9 comme accept\u00e9 si le client n\u2019informe pas SemioticTransfer des d\u00e9fauts constat\u00e9s par \u00e9crit et avec exposition des motifs dans un d\u00e9lai de 10 jours \u00e0 compter de la livraison. Dans sa r\u00e9clamation, le client est tenu d\u2019indiquer pr\u00e9cis\u00e9ment sur quel point et dans quelle mesure il consid\u00e8re le r\u00e9sultat du travail fourni par SemioticTransfer comme d\u00e9fectueux.<\/p>\n\n\n\n<p><br>8. R\u00e9clamations et garantie&nbsp;&nbsp;&nbsp;<\/p>\n\n\n\n<p>La garantie se limite \u00e0 l\u2019am\u00e9lioration. Toute autre demande de garantie est express\u00e9ment exclue. Le d\u00e9lai de garantie (dans la limite duquel SemioticTransfer doit effectuer l\u2019am\u00e9lioration) est de 60 jours. La garantie concernant la reproduction correcte des noms, des nombres et des adresses ou des termes non traduisibles est exclue.<\/p>\n\n\n\n<p><br>9. Responsabilit\u00e9&nbsp;&nbsp;&nbsp;&nbsp;<\/p>\n\n\n\n<p>SemioticTransfer ne peut \u00eatre tenu responsable de la perte de donn\u00e9es et de documents qu\u2019en cas d\u2019acte intentionnel ou de n\u00e9gligence grave. SemioticTransfer ne peut pas \u00eatre tenu responsable des dommages caus\u00e9s par les tiers auxquels il a \u00e9t\u00e9 fait appel pour l\u2019ex\u00e9cution du contrat. SemioticTransfer ne peut pas \u00eatre tenu responsable de la n\u00e9gligence l\u00e9g\u00e8re. La responsabilit\u00e9 pour les auxiliaires est exclue et, en cas de retour \u00e0 des tiers, SemioticTransfer ne peut \u00eatre tenu responsable que du soin de la s\u00e9lection et de l\u2019instruction.&nbsp;&nbsp;&nbsp;<\/p>\n\n\n\n<p>En cas de force majeure ou d\u2019autres influences ou obstacles \u00e0 la prestation ne pouvant pas \u00eatre pr\u00e9vus par SemioticTransfer et \u00e9tant ind\u00e9pendants de sa volont\u00e9 ou ext\u00e9rieurs \u00e0 son domaine d\u2019influence,&nbsp;SemioticTransfer ne peut \u00eatre tenu responsable des d\u00e9faillances ou des retards de prestation.<\/p>\n\n\n\n<p><br>10. Ex\u00e9cution \u2013 Envoi&nbsp;\u2013 Transfert des risques&nbsp;&nbsp;&nbsp;&nbsp;<\/p>\n\n\n\n<p>L\u2019envoi se fait par transfert de donn\u00e9es (e-mail, transfert FTP)&nbsp;ou par voie postale. Sont assimil\u00e9s \u00e0 la voie postale les autres services de transport ou de courrier priv\u00e9s. Le contrat r\u00e9alis\u00e9 par SemioticTransfer est rempli par le d\u00e9p\u00f4t \u00e0 la poste, aupr\u00e8s d\u2019une entreprise de transport assimil\u00e9e ou par l\u2019envoi par e-mail ou transfert FTP, et les risques sont alors transf\u00e9r\u00e9s au client.<\/p>\n\n\n\n<p><br>11. D\u00e9lai de livraison et d\u00e9lais<\/p>\n\n\n\n<p>Les d\u00e9lais de livraison et les d\u00e9lais n\u00e9cessitent la confirmation \u00e9crite explicite de la part de SemioticTransfer pour \u00eatre consid\u00e9r\u00e9s comme contraignants.<\/p>\n\n\n\n<p><br>12. Confidentialit\u00e9<\/p>\n\n\n\n<p>Les donn\u00e9es et les informations transmises par le client \u00e0 SemioticTransfer sont trait\u00e9es avec une stricte confidentialit\u00e9. SemioticTransfer exige \u00e9galement la confidentialit\u00e9 de la part de ses employ\u00e9s et des tiers auxquels il est fait appel pour remplir le contrat.<\/p>\n\n\n\n<p><br>13. Droits d\u2019utilisation<\/p>\n\n\n\n<p>SemioticTransfer conserve les droits d\u2019utilisation jusqu\u2019au paiement int\u00e9gral des montants factur\u00e9s.<\/p>\n\n\n\n<p><br>14. Lieu d\u2019ex\u00e9cution&nbsp;\u2013 Lieu de juridiction \u2013 Droit applicable&nbsp;&nbsp;&nbsp;&nbsp;<\/p>\n\n\n\n<p>Le lieu d\u2019ex\u00e9cution pour le paiement et le lieu de juridiction exclusif est le si\u00e8ge de SemioticTransfer.&nbsp; Toutes les prestations de SemioticTransfer ainsi que ces conditions g\u00e9n\u00e9rales de vente sont soumises au droit mat\u00e9riel suisse.<\/p>\n\n\n\n<p><br>15. Dispositions finales&nbsp;&nbsp;<\/p>\n\n\n\n<p>Les modifications et ajouts \u00e0 ces conditions g\u00e9n\u00e9rales de vente et cette r\u00e9serve de forme m\u00eame n\u00e9cessitent, pour \u00eatre valables, la forme \u00e9crite, la communication par e-mail par SemioticTransfer suffisant.&nbsp;&nbsp; Les accords verbaux n\u00e9cessitent, pour \u00eatre valables, la confirmation \u00e9crite de SemioticTransfer.&nbsp;&nbsp;&nbsp;<\/p>\n\n\n\n<p>Si une ou plusieurs des pr\u00e9sentes dispositions de ces conditions g\u00e9n\u00e9rales de vente \u00e9taient caduques, les autres dispositions resteraient en force. La disposition caduque est remplac\u00e9e par une disposition se rapprochant le plus dans ses effets \u00e9conomiques et autres de la disposition souhait\u00e9e par les parties.<\/p>\n\n\n\n<hr class=\"wp-block-separator has-css-opacity\"\/>\n\n\n\n<h4 class=\"wp-block-heading\" id=\"h-gtcb-for-external-partners\"><a href=\"https:\/\/www.semiotictransfer.ch\/wp-content\/uploads\/2025\/04\/XPM-015-SwissGlobalFamily-XP-GTCB-Web_EN-V-01.pdf\">GTCB for External Partners<\/a><\/h4>\n","protected":false},"excerpt":{"rendered":"<p>CGV pour les clients 1. G\u00e9n\u00e9ralit\u00e9s SemioticTransfer AG sera par la suite d\u00e9sign\u00e9 sous le nom de SemioticTransfer. 2. Champ d\u2019application Ces conditions g\u00e9n\u00e9rales de vente s\u2019appliquent \u00e0 tous les services fournis par SemioticTransfer (en particulier les traductions, les textes marketing en langue \u00e9trang\u00e8re, la documentation technique, les traductions certifi\u00e9es conformes, les corrections, la r\u00e9daction [&hellip;]<\/p>\n","protected":false},"author":1,"featured_media":0,"parent":0,"menu_order":0,"comment_status":"closed","ping_status":"closed","template":"","meta":{"_acf_changed":false,"inline_featured_image":false,"footnotes":""},"class_list":["post-666","page","type-page","status-publish","hentry"],"acf":[],"yoast_head":"<!-- This site is optimized with the Yoast SEO plugin v27.4 - https:\/\/yoast.com\/product\/yoast-seo-wordpress\/ -->\n<title>Conditions g\u00e9n\u00e9rales \u2500 SemioticTransfer AG<\/title>\n<meta name=\"description\" content=\"Lisez nos conditions g\u00e9n\u00e9rales.\" \/>\n<meta name=\"robots\" content=\"index, follow, max-snippet:-1, max-image-preview:large, max-video-preview:-1\" \/>\n<link rel=\"canonical\" href=\"https:\/\/www.semiotictransfer.ch\/fr\/cgv\/\" \/>\n<meta property=\"og:locale\" content=\"fr_FR\" \/>\n<meta property=\"og:type\" content=\"article\" \/>\n<meta property=\"og:title\" content=\"Conditions g\u00e9n\u00e9rales \u2500 SemioticTransfer AG\" \/>\n<meta property=\"og:description\" content=\"Lisez nos conditions g\u00e9n\u00e9rales.\" \/>\n<meta property=\"og:url\" content=\"https:\/\/www.semiotictransfer.ch\/fr\/cgv\/\" \/>\n<meta property=\"og:site_name\" content=\"Semiotic Transfer\" \/>\n<meta property=\"article:modified_time\" content=\"2025-04-30T11:12:02+00:00\" \/>\n<meta name=\"twitter:card\" content=\"summary_large_image\" \/>\n<meta name=\"twitter:label1\" content=\"Dur\u00e9e de lecture estim\u00e9e\" \/>\n\t<meta name=\"twitter:data1\" content=\"4 minutes\" \/>\n<script type=\"application\/ld+json\" class=\"yoast-schema-graph\">{\"@context\":\"https:\\\/\\\/schema.org\",\"@graph\":[{\"@type\":\"WebPage\",\"@id\":\"https:\\\/\\\/www.semiotictransfer.ch\\\/fr\\\/cgv\\\/\",\"url\":\"https:\\\/\\\/www.semiotictransfer.ch\\\/fr\\\/cgv\\\/\",\"name\":\"Conditions g\u00e9n\u00e9rales \u2500 SemioticTransfer AG\",\"isPartOf\":{\"@id\":\"https:\\\/\\\/www.semiotictransfer.ch\\\/#website\"},\"datePublished\":\"2021-06-16T07:36:54+00:00\",\"dateModified\":\"2025-04-30T11:12:02+00:00\",\"description\":\"Lisez nos conditions g\u00e9n\u00e9rales.\",\"breadcrumb\":{\"@id\":\"https:\\\/\\\/www.semiotictransfer.ch\\\/fr\\\/cgv\\\/#breadcrumb\"},\"inLanguage\":\"fr-FR\",\"potentialAction\":[{\"@type\":\"ReadAction\",\"target\":[\"https:\\\/\\\/www.semiotictransfer.ch\\\/fr\\\/cgv\\\/\"]}]},{\"@type\":\"BreadcrumbList\",\"@id\":\"https:\\\/\\\/www.semiotictransfer.ch\\\/fr\\\/cgv\\\/#breadcrumb\",\"itemListElement\":[{\"@type\":\"ListItem\",\"position\":1,\"name\":\"Home\",\"item\":\"https:\\\/\\\/www.semiotictransfer.ch\\\/fr\\\/\"},{\"@type\":\"ListItem\",\"position\":2,\"name\":\"CGV\"}]},{\"@type\":\"WebSite\",\"@id\":\"https:\\\/\\\/www.semiotictransfer.ch\\\/#website\",\"url\":\"https:\\\/\\\/www.semiotictransfer.ch\\\/\",\"name\":\"Semiotic Transfer\",\"description\":\"\",\"potentialAction\":[{\"@type\":\"SearchAction\",\"target\":{\"@type\":\"EntryPoint\",\"urlTemplate\":\"https:\\\/\\\/www.semiotictransfer.ch\\\/?s={search_term_string}\"},\"query-input\":{\"@type\":\"PropertyValueSpecification\",\"valueRequired\":true,\"valueName\":\"search_term_string\"}}],\"inLanguage\":\"fr-FR\"}]}<\/script>\n<!-- \/ Yoast SEO plugin. -->","yoast_head_json":{"title":"Conditions g\u00e9n\u00e9rales \u2500 SemioticTransfer AG","description":"Lisez nos conditions g\u00e9n\u00e9rales.","robots":{"index":"index","follow":"follow","max-snippet":"max-snippet:-1","max-image-preview":"max-image-preview:large","max-video-preview":"max-video-preview:-1"},"canonical":"https:\/\/www.semiotictransfer.ch\/fr\/cgv\/","og_locale":"fr_FR","og_type":"article","og_title":"Conditions g\u00e9n\u00e9rales \u2500 SemioticTransfer AG","og_description":"Lisez nos conditions g\u00e9n\u00e9rales.","og_url":"https:\/\/www.semiotictransfer.ch\/fr\/cgv\/","og_site_name":"Semiotic Transfer","article_modified_time":"2025-04-30T11:12:02+00:00","twitter_card":"summary_large_image","twitter_misc":{"Dur\u00e9e de lecture estim\u00e9e":"4 minutes"},"schema":{"@context":"https:\/\/schema.org","@graph":[{"@type":"WebPage","@id":"https:\/\/www.semiotictransfer.ch\/fr\/cgv\/","url":"https:\/\/www.semiotictransfer.ch\/fr\/cgv\/","name":"Conditions g\u00e9n\u00e9rales \u2500 SemioticTransfer AG","isPartOf":{"@id":"https:\/\/www.semiotictransfer.ch\/#website"},"datePublished":"2021-06-16T07:36:54+00:00","dateModified":"2025-04-30T11:12:02+00:00","description":"Lisez nos conditions g\u00e9n\u00e9rales.","breadcrumb":{"@id":"https:\/\/www.semiotictransfer.ch\/fr\/cgv\/#breadcrumb"},"inLanguage":"fr-FR","potentialAction":[{"@type":"ReadAction","target":["https:\/\/www.semiotictransfer.ch\/fr\/cgv\/"]}]},{"@type":"BreadcrumbList","@id":"https:\/\/www.semiotictransfer.ch\/fr\/cgv\/#breadcrumb","itemListElement":[{"@type":"ListItem","position":1,"name":"Home","item":"https:\/\/www.semiotictransfer.ch\/fr\/"},{"@type":"ListItem","position":2,"name":"CGV"}]},{"@type":"WebSite","@id":"https:\/\/www.semiotictransfer.ch\/#website","url":"https:\/\/www.semiotictransfer.ch\/","name":"Semiotic Transfer","description":"","potentialAction":[{"@type":"SearchAction","target":{"@type":"EntryPoint","urlTemplate":"https:\/\/www.semiotictransfer.ch\/?s={search_term_string}"},"query-input":{"@type":"PropertyValueSpecification","valueRequired":true,"valueName":"search_term_string"}}],"inLanguage":"fr-FR"}]}},"_links":{"self":[{"href":"https:\/\/www.semiotictransfer.ch\/fr\/wp-json\/wp\/v2\/pages\/666","targetHints":{"allow":["GET"]}}],"collection":[{"href":"https:\/\/www.semiotictransfer.ch\/fr\/wp-json\/wp\/v2\/pages"}],"about":[{"href":"https:\/\/www.semiotictransfer.ch\/fr\/wp-json\/wp\/v2\/types\/page"}],"author":[{"embeddable":true,"href":"https:\/\/www.semiotictransfer.ch\/fr\/wp-json\/wp\/v2\/users\/1"}],"replies":[{"embeddable":true,"href":"https:\/\/www.semiotictransfer.ch\/fr\/wp-json\/wp\/v2\/comments?post=666"}],"version-history":[{"count":14,"href":"https:\/\/www.semiotictransfer.ch\/fr\/wp-json\/wp\/v2\/pages\/666\/revisions"}],"predecessor-version":[{"id":16409,"href":"https:\/\/www.semiotictransfer.ch\/fr\/wp-json\/wp\/v2\/pages\/666\/revisions\/16409"}],"wp:attachment":[{"href":"https:\/\/www.semiotictransfer.ch\/fr\/wp-json\/wp\/v2\/media?parent=666"}],"curies":[{"name":"wp","href":"https:\/\/api.w.org\/{rel}","templated":true}]}}