{"id":665,"date":"2021-06-16T07:36:54","date_gmt":"2021-06-16T07:36:54","guid":{"rendered":"https:\/\/www.semiotictransfer.ch\/impressum\/"},"modified":"2025-04-30T13:12:44","modified_gmt":"2025-04-30T11:12:44","slug":"cgc","status":"publish","type":"page","link":"https:\/\/www.semiotictransfer.ch\/it\/cgc\/","title":{"rendered":"CGC"},"content":{"rendered":"\n<h4 class=\"wp-block-heading\" id=\"h-cgc-per-i-clienti\">CGC per i clienti<\/h4>\n\n\n\n<p>1. Aspetti generali<\/p>\n\n\n\n<p>SemioticTransfer AG \u00e8 di seguito indicata come SemioticTransfer.<\/p>\n\n\n\n<p><br>2. Ambito di applicazione<\/p>\n\n\n\n<p>Le presenti condizioni generali di contratto si applicano a tutte le prestazioni di SemioticTransfer (in particolare a traduzioni, testi di marketing in lingua straniera, documenti tecnici, traduzioni autenticate, revisioni, testi web e gestione delle traduzioni).<\/p>\n\n\n\n<p><br>3. Conferma dell\u2019incarico<\/p>\n\n\n\n<p>Con la conferma dell\u2019incarico il cliente si dichiara d\u2019accordo con le presenti condizioni generali di contratto. Salvo diversamente concordato tra il cliente e SemioticTransfer, l\u2019incarico si considera confermato non appena l&#8217;incarico perviene in forma scritta (per posta, e-mail, fax) presso SemioticTransfer.<\/p>\n\n\n\n<p><br>4. Impiego di terzi<\/p>\n\n\n\n<p>SemioticTransfer&nbsp; ha il diritto di coinvolgere terzi al fine dell\u2019adempimento del contratto o di affidare a terzi l\u2019adempimento del contratto.<\/p>\n\n\n\n<p><br>5. Recessione dal contratto<\/p>\n\n\n\n<p>Il cliente pu\u00f2 recedere in qualunque momento dal contratto dietro compenso del lavoro gi\u00e0 prestato e indennizzo di SemioticTransfer, se l&#8217;incarico non \u00e8 stata ancora completato.<\/p>\n\n\n\n<p><br>6. Offerte \u2013 Condizioni di pagamento&nbsp; \u2013 Fatturazione&nbsp;&nbsp;<\/p>\n\n\n\n<p>Le offerte a voce non sono vincolanti e necessitano di conferma scritta da SemioticTransfer ai fini della validit\u00e0. Le offerte (sempre IVA esclusa) sono vincolanti per 30 giorni per SemioticTransfer.&nbsp;&nbsp;&nbsp;<\/p>\n\n\n\n<p>Tutte le fatture devono essere saldate entro 10 giorni dall\u2019emissione senza detrazione. Per le persone fisiche le traduzioni con autenticazione notarile devono essere pagate in anticipo. Allo scadere del termine di pagamento il cliente cade in mora, senza che vi debba essere un sollecito da parte di SemioticTransfer. In questi casi SemioticTransfer ha il diritto di chiedere un interesse di mora il cui tasso d\u2019interesse pari a quello per i crediti in conto corrente delle grandi banche sulla piazza finanziaria di Baden, tuttavia ammonta almeno al 5%. Salvo consenso scritto da parte di SemioticTransfer, il cliente non ha alcun diritto a conteggiare eventuali contropretese.<\/p>\n\n\n\n<p><br>7. Accettazione e obbligo di denuncia dei vizi&nbsp;&nbsp;<\/p>\n\n\n\n<p>Il risultato del lavoro di SemioticTransfer si intende accettato se il cliente entro un termine di 10 giorni dalla consegna non comunica per iscritto e con motivazione a SemioticTransfer i vizi riscontrati. Il cliente nella propria denuncia dei vizi deve indicare in modo esatto dove e in quale misura egli ritiene che il risultato del lavoro di SemioticTransfer presenti dei vizi.<\/p>\n\n\n\n<p><br>8. Reclami e garanzia&nbsp;&nbsp;&nbsp;<\/p>\n\n\n\n<p>La garanzia si limita alla rettifica. Altri diritti a garanzia sono esplicitamente esclusi. Il periodo di garanzia (entro il quale SemioticTransfer deve provvedere alla rettifica) \u00e8 di 60 giorni. \u00c8 esclusa la garanzia per la riproduzione esatta di nomi, cifre e indirizzi o termini tecnici non traducibili.<\/p>\n\n\n\n<p><br>9. Responsabilit\u00e0&nbsp;&nbsp;<\/p>\n\n\n\n<p>In caso di perdita di dati o documenti, SemioticTransfer risponde esclusivamente qualora ci\u00f2 sia avvenuto intenzionalmente o per colpa grave. SemioticTransfer non risponde per danni causati da terzi coinvolti ai fini dell\u2019adempimento del contratto. SemioticTransfer non risponde in caso di colpa lieve. La responsabilit\u00e0 per le persone ausiliarie \u00e8 esplicitamente esclusa e SemioticTransfer nell\u2019ambito del coinvolgimento di terzi risponde solo per la scelta accurata e la rispettiva istruzione.&nbsp;&nbsp;&nbsp;<\/p>\n\n\n\n<p>In caso di eventi di forza maggiore o altri eventi e ostacoli alla prestazione non prevedibili o non imputabili a SemioticTransfer nonch\u00e9 eventi al di fuori della sfera di controllo di SemioticTransfer, SemioticTransfer non risponde per mancate prestazioni o ritardi.<\/p>\n\n\n\n<p><br>10. Adempimento \u2013 Invio&nbsp; \u2013 Trapasso del rischio&nbsp;&nbsp;<\/p>\n\n\n\n<p>L\u2019invio avviene tramite trasmissione di dati (e-mail, trasmissione ftp) o per posta. Sono equiparati all\u2019invio postale altri servizi di trasporto o corrieri privati. Con l\u2019assegnazione dell\u2019incarico alla Posta o a un\u2019impresa di trasporti equivalenti, oppure con l\u2019invio per e-mail risp. trasmissione ftp, il contratto si considera adempiuto da parte di SemioticTransfer e il rischio passa al cliente.<\/p>\n\n\n\n<p><br>11. Termine di consegna&nbsp; e scadenze<\/p>\n\n\n\n<p>I termini di consegna e le scadenze si considerano vincolanti solo previa conferma scritta esplicita da parte di SemioticTransfer.<\/p>\n\n\n\n<p><br>12. Riservatezza<\/p>\n\n\n\n<p>I dati e le informazioni trasmessi a SemioticTransfer dal cliente vengono trattati in modo strettamente riservato. SemioticTransfer obbliga alla segretezza anche i collaboratori o eventuali terzi coinvolti per l\u2019adempimento.<\/p>\n\n\n\n<p><br>13. Diritto di utilizzazione<\/p>\n\n\n\n<p>I diritti di utilizzazione restano di propriet\u00e0 di SemioticTransfer fino alla corresponsione di tutti gli importi fatturati.<\/p>\n\n\n\n<p><br>14. Luogo di adempimento&nbsp; \u2013 Foro competente \u2013 Diritto applicabile&nbsp;&nbsp;<\/p>\n\n\n\n<p>Il luogo di adempimento per il pagamento e il foro competente esclusivo \u00e8 la sede di SemioticTransfer. Tutte le prestazioni di SemioticTransfer e le presenti condizioni generali di contratto sono soggette al Diritto materiale svizzero.<\/p>\n\n\n\n<p><br>15. Disposizioni finali&nbsp;&nbsp;<\/p>\n\n\n\n<p>Le modifiche e le aggiunte alle presenti condizioni generali di contratto nonch\u00e9 alla forma convenuta stessa necessitano della forma scritta ai fini della validit\u00e0, per la quale \u00e8 sufficiente la comunicazione per e-mail da parte di SemioticTransfer. Accordi a voce necessitano di conferma scritta da parte di SemioticTransfer ai fini della validit\u00e0.&nbsp;&nbsp;&nbsp;<\/p>\n\n\n\n<p>Qualora una o pi\u00f9 delle precedenti disposizioni delle presenti condizioni generali di contratto diventino inefficaci, le restanti disposizioni rimangono comunque valide. La disposizione inefficace viene sostituita da una disposizione il pi\u00f9 possibile equivalente a quella desiderata dalle parti in termini di conseguenze economiche, ecc.<\/p>\n\n\n\n<hr class=\"wp-block-separator has-css-opacity\"\/>\n\n\n\n<h4 class=\"wp-block-heading\" id=\"h-gtcb-for-external-partners\"><a href=\"https:\/\/www.semiotictransfer.ch\/wp-content\/uploads\/2025\/04\/XPM-015-SwissGlobalFamily-XP-GTCB-Web_EN-V-01.pdf\">GTCB for External Partners<\/a><\/h4>\n","protected":false},"excerpt":{"rendered":"<p>CGC per i clienti 1. Aspetti generali SemioticTransfer AG \u00e8 di seguito indicata come SemioticTransfer. 2. Ambito di applicazione Le presenti condizioni generali di contratto si applicano a tutte le prestazioni di SemioticTransfer (in particolare a traduzioni, testi di marketing in lingua straniera, documenti tecnici, traduzioni autenticate, revisioni, testi web e gestione delle traduzioni). 3. [&hellip;]<\/p>\n","protected":false},"author":1,"featured_media":0,"parent":0,"menu_order":0,"comment_status":"closed","ping_status":"closed","template":"","meta":{"_acf_changed":false,"inline_featured_image":false,"footnotes":""},"class_list":["post-665","page","type-page","status-publish","hentry"],"acf":[],"yoast_head":"<!-- This site is optimized with the Yoast SEO plugin v27.5 - https:\/\/yoast.com\/product\/yoast-seo-wordpress\/ -->\n<title>Termini e condizioni generali \u2500 SemioticTransfer<\/title>\n<meta name=\"description\" content=\"Leggi i nostri termini e condizioni generali.\" \/>\n<meta name=\"robots\" content=\"index, follow, max-snippet:-1, max-image-preview:large, max-video-preview:-1\" \/>\n<link rel=\"canonical\" href=\"https:\/\/www.semiotictransfer.ch\/it\/cgc\/\" \/>\n<meta property=\"og:locale\" content=\"it_IT\" \/>\n<meta property=\"og:type\" content=\"article\" \/>\n<meta property=\"og:title\" content=\"Termini e condizioni generali \u2500 SemioticTransfer\" \/>\n<meta property=\"og:description\" content=\"Leggi i nostri termini e condizioni generali.\" \/>\n<meta property=\"og:url\" content=\"https:\/\/www.semiotictransfer.ch\/it\/cgc\/\" \/>\n<meta property=\"og:site_name\" content=\"Semiotic Transfer\" \/>\n<meta property=\"article:modified_time\" content=\"2025-04-30T11:12:44+00:00\" \/>\n<meta name=\"twitter:card\" content=\"summary_large_image\" \/>\n<meta name=\"twitter:label1\" content=\"Tempo di lettura stimato\" \/>\n\t<meta name=\"twitter:data1\" content=\"4 minuti\" \/>\n<script type=\"application\/ld+json\" class=\"yoast-schema-graph\">{\"@context\":\"https:\\\/\\\/schema.org\",\"@graph\":[{\"@type\":\"WebPage\",\"@id\":\"https:\\\/\\\/www.semiotictransfer.ch\\\/it\\\/cgc\\\/\",\"url\":\"https:\\\/\\\/www.semiotictransfer.ch\\\/it\\\/cgc\\\/\",\"name\":\"Termini e condizioni generali \u2500 SemioticTransfer\",\"isPartOf\":{\"@id\":\"https:\\\/\\\/www.semiotictransfer.ch\\\/#website\"},\"datePublished\":\"2021-06-16T07:36:54+00:00\",\"dateModified\":\"2025-04-30T11:12:44+00:00\",\"description\":\"Leggi i nostri termini e condizioni generali.\",\"breadcrumb\":{\"@id\":\"https:\\\/\\\/www.semiotictransfer.ch\\\/it\\\/cgc\\\/#breadcrumb\"},\"inLanguage\":\"it-IT\",\"potentialAction\":[{\"@type\":\"ReadAction\",\"target\":[\"https:\\\/\\\/www.semiotictransfer.ch\\\/it\\\/cgc\\\/\"]}]},{\"@type\":\"BreadcrumbList\",\"@id\":\"https:\\\/\\\/www.semiotictransfer.ch\\\/it\\\/cgc\\\/#breadcrumb\",\"itemListElement\":[{\"@type\":\"ListItem\",\"position\":1,\"name\":\"Home\",\"item\":\"https:\\\/\\\/www.semiotictransfer.ch\\\/it\\\/\"},{\"@type\":\"ListItem\",\"position\":2,\"name\":\"CGC\"}]},{\"@type\":\"WebSite\",\"@id\":\"https:\\\/\\\/www.semiotictransfer.ch\\\/#website\",\"url\":\"https:\\\/\\\/www.semiotictransfer.ch\\\/\",\"name\":\"Semiotic Transfer\",\"description\":\"\",\"potentialAction\":[{\"@type\":\"SearchAction\",\"target\":{\"@type\":\"EntryPoint\",\"urlTemplate\":\"https:\\\/\\\/www.semiotictransfer.ch\\\/?s={search_term_string}\"},\"query-input\":{\"@type\":\"PropertyValueSpecification\",\"valueRequired\":true,\"valueName\":\"search_term_string\"}}],\"inLanguage\":\"it-IT\"}]}<\/script>\n<!-- \/ Yoast SEO plugin. -->","yoast_head_json":{"title":"Termini e condizioni generali \u2500 SemioticTransfer","description":"Leggi i nostri termini e condizioni generali.","robots":{"index":"index","follow":"follow","max-snippet":"max-snippet:-1","max-image-preview":"max-image-preview:large","max-video-preview":"max-video-preview:-1"},"canonical":"https:\/\/www.semiotictransfer.ch\/it\/cgc\/","og_locale":"it_IT","og_type":"article","og_title":"Termini e condizioni generali \u2500 SemioticTransfer","og_description":"Leggi i nostri termini e condizioni generali.","og_url":"https:\/\/www.semiotictransfer.ch\/it\/cgc\/","og_site_name":"Semiotic Transfer","article_modified_time":"2025-04-30T11:12:44+00:00","twitter_card":"summary_large_image","twitter_misc":{"Tempo di lettura stimato":"4 minuti"},"schema":{"@context":"https:\/\/schema.org","@graph":[{"@type":"WebPage","@id":"https:\/\/www.semiotictransfer.ch\/it\/cgc\/","url":"https:\/\/www.semiotictransfer.ch\/it\/cgc\/","name":"Termini e condizioni generali \u2500 SemioticTransfer","isPartOf":{"@id":"https:\/\/www.semiotictransfer.ch\/#website"},"datePublished":"2021-06-16T07:36:54+00:00","dateModified":"2025-04-30T11:12:44+00:00","description":"Leggi i nostri termini e condizioni generali.","breadcrumb":{"@id":"https:\/\/www.semiotictransfer.ch\/it\/cgc\/#breadcrumb"},"inLanguage":"it-IT","potentialAction":[{"@type":"ReadAction","target":["https:\/\/www.semiotictransfer.ch\/it\/cgc\/"]}]},{"@type":"BreadcrumbList","@id":"https:\/\/www.semiotictransfer.ch\/it\/cgc\/#breadcrumb","itemListElement":[{"@type":"ListItem","position":1,"name":"Home","item":"https:\/\/www.semiotictransfer.ch\/it\/"},{"@type":"ListItem","position":2,"name":"CGC"}]},{"@type":"WebSite","@id":"https:\/\/www.semiotictransfer.ch\/#website","url":"https:\/\/www.semiotictransfer.ch\/","name":"Semiotic Transfer","description":"","potentialAction":[{"@type":"SearchAction","target":{"@type":"EntryPoint","urlTemplate":"https:\/\/www.semiotictransfer.ch\/?s={search_term_string}"},"query-input":{"@type":"PropertyValueSpecification","valueRequired":true,"valueName":"search_term_string"}}],"inLanguage":"it-IT"}]}},"_links":{"self":[{"href":"https:\/\/www.semiotictransfer.ch\/it\/wp-json\/wp\/v2\/pages\/665","targetHints":{"allow":["GET"]}}],"collection":[{"href":"https:\/\/www.semiotictransfer.ch\/it\/wp-json\/wp\/v2\/pages"}],"about":[{"href":"https:\/\/www.semiotictransfer.ch\/it\/wp-json\/wp\/v2\/types\/page"}],"author":[{"embeddable":true,"href":"https:\/\/www.semiotictransfer.ch\/it\/wp-json\/wp\/v2\/users\/1"}],"replies":[{"embeddable":true,"href":"https:\/\/www.semiotictransfer.ch\/it\/wp-json\/wp\/v2\/comments?post=665"}],"version-history":[{"count":14,"href":"https:\/\/www.semiotictransfer.ch\/it\/wp-json\/wp\/v2\/pages\/665\/revisions"}],"predecessor-version":[{"id":16410,"href":"https:\/\/www.semiotictransfer.ch\/it\/wp-json\/wp\/v2\/pages\/665\/revisions\/16410"}],"wp:attachment":[{"href":"https:\/\/www.semiotictransfer.ch\/it\/wp-json\/wp\/v2\/media?parent=665"}],"curies":[{"name":"wp","href":"https:\/\/api.w.org\/{rel}","templated":true}]}}