{"id":636,"date":"2021-05-26T03:35:00","date_gmt":"2021-05-26T03:35:00","guid":{"rendered":"https:\/\/www.semiotictransfer.ch\/uber-uns\/"},"modified":"2025-08-29T16:50:17","modified_gmt":"2025-08-29T14:50:17","slug":"uber-uns","status":"publish","type":"page","link":"https:\/\/www.semiotictransfer.ch\/pt-pt\/uber-uns\/","title":{"rendered":"Sobre n\u00f3s"},"content":{"rendered":"","protected":false},"excerpt":{"rendered":"","protected":false},"author":1,"featured_media":0,"parent":0,"menu_order":0,"comment_status":"closed","ping_status":"closed","template":"template\/template-about.php","meta":{"_acf_changed":false,"inline_featured_image":false,"footnotes":""},"class_list":["post-636","page","type-page","status-publish","hentry"],"acf":[],"yoast_head":"<!-- This site is optimized with the Yoast SEO plugin v27.5 - https:\/\/yoast.com\/product\/yoast-seo-wordpress\/ -->\n<title>Sobre SemioticTransfer | Ag\u00eancia de tradu\u00e7\u00e3o su\u00ed\u00e7a certificada<\/title>\n<meta name=\"description\" content=\"A SemioticTransfer \u00e9 uma ag\u00eancia de tradu\u00e7\u00e3o su\u00ed\u00e7a credenciada para a realiza\u00e7\u00e3o de tradu\u00e7\u00f5es profissionais. Saiba mais sobre n\u00f3s e conhe\u00e7a nossa equipe.\" \/>\n<meta name=\"robots\" content=\"index, follow, max-snippet:-1, max-image-preview:large, max-video-preview:-1\" \/>\n<link rel=\"canonical\" href=\"https:\/\/www.semiotictransfer.ch\/pt-pt\/uber-uns\/\" \/>\n<meta property=\"og:locale\" content=\"pt_PT\" \/>\n<meta property=\"og:type\" content=\"article\" \/>\n<meta property=\"og:title\" content=\"Sobre SemioticTransfer | Ag\u00eancia de tradu\u00e7\u00e3o su\u00ed\u00e7a certificada\" \/>\n<meta property=\"og:description\" content=\"A SemioticTransfer \u00e9 uma ag\u00eancia de tradu\u00e7\u00e3o su\u00ed\u00e7a credenciada para a realiza\u00e7\u00e3o de tradu\u00e7\u00f5es profissionais. Saiba mais sobre n\u00f3s e conhe\u00e7a nossa equipe.\" \/>\n<meta property=\"og:url\" content=\"https:\/\/www.semiotictransfer.ch\/pt-pt\/uber-uns\/\" \/>\n<meta property=\"og:site_name\" content=\"Semiotic Transfer\" \/>\n<meta property=\"article:modified_time\" content=\"2025-08-29T14:50:17+00:00\" \/>\n<meta name=\"twitter:card\" content=\"summary_large_image\" \/>\n<script type=\"application\/ld+json\" class=\"yoast-schema-graph\">{\"@context\":\"https:\\\/\\\/schema.org\",\"@graph\":[{\"@type\":\"WebPage\",\"@id\":\"https:\\\/\\\/www.semiotictransfer.ch\\\/pt-pt\\\/uber-uns\\\/\",\"url\":\"https:\\\/\\\/www.semiotictransfer.ch\\\/pt-pt\\\/uber-uns\\\/\",\"name\":\"Sobre SemioticTransfer | Ag\u00eancia de tradu\u00e7\u00e3o su\u00ed\u00e7a certificada\",\"isPartOf\":{\"@id\":\"https:\\\/\\\/www.semiotictransfer.ch\\\/#website\"},\"datePublished\":\"2021-05-26T03:35:00+00:00\",\"dateModified\":\"2025-08-29T14:50:17+00:00\",\"description\":\"A SemioticTransfer \u00e9 uma ag\u00eancia de tradu\u00e7\u00e3o su\u00ed\u00e7a credenciada para a realiza\u00e7\u00e3o de tradu\u00e7\u00f5es profissionais. Saiba mais sobre n\u00f3s e conhe\u00e7a nossa equipe.\",\"breadcrumb\":{\"@id\":\"https:\\\/\\\/www.semiotictransfer.ch\\\/pt-pt\\\/uber-uns\\\/#breadcrumb\"},\"inLanguage\":\"pt-PT\",\"potentialAction\":[{\"@type\":\"ReadAction\",\"target\":[\"https:\\\/\\\/www.semiotictransfer.ch\\\/pt-pt\\\/uber-uns\\\/\"]}]},{\"@type\":\"BreadcrumbList\",\"@id\":\"https:\\\/\\\/www.semiotictransfer.ch\\\/pt-pt\\\/uber-uns\\\/#breadcrumb\",\"itemListElement\":[{\"@type\":\"ListItem\",\"position\":1,\"name\":\"Home\",\"item\":\"https:\\\/\\\/www.semiotictransfer.ch\\\/pt-pt\\\/\"},{\"@type\":\"ListItem\",\"position\":2,\"name\":\"Sobre n\u00f3s\"}]},{\"@type\":\"WebSite\",\"@id\":\"https:\\\/\\\/www.semiotictransfer.ch\\\/#website\",\"url\":\"https:\\\/\\\/www.semiotictransfer.ch\\\/\",\"name\":\"Semiotic Transfer\",\"description\":\"\",\"potentialAction\":[{\"@type\":\"SearchAction\",\"target\":{\"@type\":\"EntryPoint\",\"urlTemplate\":\"https:\\\/\\\/www.semiotictransfer.ch\\\/?s={search_term_string}\"},\"query-input\":{\"@type\":\"PropertyValueSpecification\",\"valueRequired\":true,\"valueName\":\"search_term_string\"}}],\"inLanguage\":\"pt-PT\"}]}<\/script>\n<!-- \/ Yoast SEO plugin. -->","yoast_head_json":{"title":"Sobre SemioticTransfer | Ag\u00eancia de tradu\u00e7\u00e3o su\u00ed\u00e7a certificada","description":"A SemioticTransfer \u00e9 uma ag\u00eancia de tradu\u00e7\u00e3o su\u00ed\u00e7a credenciada para a realiza\u00e7\u00e3o de tradu\u00e7\u00f5es profissionais. Saiba mais sobre n\u00f3s e conhe\u00e7a nossa equipe.","robots":{"index":"index","follow":"follow","max-snippet":"max-snippet:-1","max-image-preview":"max-image-preview:large","max-video-preview":"max-video-preview:-1"},"canonical":"https:\/\/www.semiotictransfer.ch\/pt-pt\/uber-uns\/","og_locale":"pt_PT","og_type":"article","og_title":"Sobre SemioticTransfer | Ag\u00eancia de tradu\u00e7\u00e3o su\u00ed\u00e7a certificada","og_description":"A SemioticTransfer \u00e9 uma ag\u00eancia de tradu\u00e7\u00e3o su\u00ed\u00e7a credenciada para a realiza\u00e7\u00e3o de tradu\u00e7\u00f5es profissionais. Saiba mais sobre n\u00f3s e conhe\u00e7a nossa equipe.","og_url":"https:\/\/www.semiotictransfer.ch\/pt-pt\/uber-uns\/","og_site_name":"Semiotic Transfer","article_modified_time":"2025-08-29T14:50:17+00:00","twitter_card":"summary_large_image","schema":{"@context":"https:\/\/schema.org","@graph":[{"@type":"WebPage","@id":"https:\/\/www.semiotictransfer.ch\/pt-pt\/uber-uns\/","url":"https:\/\/www.semiotictransfer.ch\/pt-pt\/uber-uns\/","name":"Sobre SemioticTransfer | Ag\u00eancia de tradu\u00e7\u00e3o su\u00ed\u00e7a certificada","isPartOf":{"@id":"https:\/\/www.semiotictransfer.ch\/#website"},"datePublished":"2021-05-26T03:35:00+00:00","dateModified":"2025-08-29T14:50:17+00:00","description":"A SemioticTransfer \u00e9 uma ag\u00eancia de tradu\u00e7\u00e3o su\u00ed\u00e7a credenciada para a realiza\u00e7\u00e3o de tradu\u00e7\u00f5es profissionais. Saiba mais sobre n\u00f3s e conhe\u00e7a nossa equipe.","breadcrumb":{"@id":"https:\/\/www.semiotictransfer.ch\/pt-pt\/uber-uns\/#breadcrumb"},"inLanguage":"pt-PT","potentialAction":[{"@type":"ReadAction","target":["https:\/\/www.semiotictransfer.ch\/pt-pt\/uber-uns\/"]}]},{"@type":"BreadcrumbList","@id":"https:\/\/www.semiotictransfer.ch\/pt-pt\/uber-uns\/#breadcrumb","itemListElement":[{"@type":"ListItem","position":1,"name":"Home","item":"https:\/\/www.semiotictransfer.ch\/pt-pt\/"},{"@type":"ListItem","position":2,"name":"Sobre n\u00f3s"}]},{"@type":"WebSite","@id":"https:\/\/www.semiotictransfer.ch\/#website","url":"https:\/\/www.semiotictransfer.ch\/","name":"Semiotic Transfer","description":"","potentialAction":[{"@type":"SearchAction","target":{"@type":"EntryPoint","urlTemplate":"https:\/\/www.semiotictransfer.ch\/?s={search_term_string}"},"query-input":{"@type":"PropertyValueSpecification","valueRequired":true,"valueName":"search_term_string"}}],"inLanguage":"pt-PT"}]}},"_links":{"self":[{"href":"https:\/\/www.semiotictransfer.ch\/pt-pt\/wp-json\/wp\/v2\/pages\/636","targetHints":{"allow":["GET"]}}],"collection":[{"href":"https:\/\/www.semiotictransfer.ch\/pt-pt\/wp-json\/wp\/v2\/pages"}],"about":[{"href":"https:\/\/www.semiotictransfer.ch\/pt-pt\/wp-json\/wp\/v2\/types\/page"}],"author":[{"embeddable":true,"href":"https:\/\/www.semiotictransfer.ch\/pt-pt\/wp-json\/wp\/v2\/users\/1"}],"replies":[{"embeddable":true,"href":"https:\/\/www.semiotictransfer.ch\/pt-pt\/wp-json\/wp\/v2\/comments?post=636"}],"version-history":[{"count":85,"href":"https:\/\/www.semiotictransfer.ch\/pt-pt\/wp-json\/wp\/v2\/pages\/636\/revisions"}],"predecessor-version":[{"id":16793,"href":"https:\/\/www.semiotictransfer.ch\/pt-pt\/wp-json\/wp\/v2\/pages\/636\/revisions\/16793"}],"wp:attachment":[{"href":"https:\/\/www.semiotictransfer.ch\/pt-pt\/wp-json\/wp\/v2\/media?parent=636"}],"curies":[{"name":"wp","href":"https:\/\/api.w.org\/{rel}","templated":true}]}}